{"id":315,"date":"2021-04-28T14:30:31","date_gmt":"2021-04-28T14:30:31","guid":{"rendered":"https:\/\/liceochiguayante.cl\/?page_id=315"},"modified":"2021-10-06T10:52:59","modified_gmt":"2021-10-06T10:52:59","slug":"historia","status":"publish","type":"page","link":"https:\/\/liceochiguayante.cl\/index.php\/historia\/","title":{"rendered":"Historia"},"content":{"rendered":"\n<figure class=\"wp-block-image size-large\"><img loading=\"lazy\" width=\"1024\" height=\"614\" src=\"https:\/\/liceochiguayante.cl\/wp-content\/uploads\/2021\/10\/liceo-chigte-2-2-1024x614.jpg\" alt=\"\" class=\"wp-image-431\" srcset=\"https:\/\/liceochiguayante.cl\/wp-content\/uploads\/2021\/10\/liceo-chigte-2-2-1024x614.jpg 1024w, https:\/\/liceochiguayante.cl\/wp-content\/uploads\/2021\/10\/liceo-chigte-2-2-300x180.jpg 300w, https:\/\/liceochiguayante.cl\/wp-content\/uploads\/2021\/10\/liceo-chigte-2-2-768x461.jpg 768w, https:\/\/liceochiguayante.cl\/wp-content\/uploads\/2021\/10\/liceo-chigte-2-2-1536x922.jpg 1536w, https:\/\/liceochiguayante.cl\/wp-content\/uploads\/2021\/10\/liceo-chigte-2-2.jpg 2000w\" sizes=\"(max-width: 767px) 89vw, (max-width: 1000px) 54vw, (max-width: 1071px) 543px, 580px\" \/><\/figure>\n\n\n\n<p>El Liceo Chiguayante ha servido a la comunidad durante 53 a\u00f1os, primero como un establecimiento<br>Cient\u00edfico-Humanista para posteriormente, en la d\u00e9cada de los 90, impartir dos modalidades de<br>Ense\u00f1anza Media, Cient\u00edfica Humanista y T\u00e9cnico Profesional, convirti\u00e9ndose as\u00ed en Polivalente como<br>siempre lo hab\u00eda querido la comunidad Chiguayantina un establecimiento que impartiera carreras<br>t\u00e9cnicas para los hijos de los trabajadores.<\/p>\n\n\n\n<p><br>En toda su trayectoria se ha preocupado de formar integralmente a sus estudiantes y en los \u00faltimos 6<br>a\u00f1os ha centrado su quehacer en la mejora de la Convivencia Escolar como se denomina hoy a la<br>formaci\u00f3n integral de los\/las ni\u00f1os y j\u00f3venes, creando la unidad de Convivencia Escolar, una gesti\u00f3n<br>pedag\u00f3gica m\u00e1s innovadora, considerando el desarrollo de aulas tem\u00e1ticas, talleres extraescolares,<br>uso de TIC en aula, entre otros recursos que impulsan el desarrollo de habilidades en los estudiantes.<br><\/p>\n\n\n\n<figure class=\"wp-block-image size-large\"><img loading=\"lazy\" width=\"432\" height=\"235\" src=\"https:\/\/liceochiguayante.cl\/wp-content\/uploads\/2021\/10\/historia.png\" alt=\"\" class=\"wp-image-429\" srcset=\"https:\/\/liceochiguayante.cl\/wp-content\/uploads\/2021\/10\/historia.png 432w, https:\/\/liceochiguayante.cl\/wp-content\/uploads\/2021\/10\/historia-300x163.png 300w\" sizes=\"(max-width: 432px) 100vw, 432px\" \/><\/figure>\n\n\n\n\n","protected":false},"excerpt":{"rendered":"<p>El Liceo Chiguayante ha servido a la comunidad durante 53 a\u00f1os, primero como un establecimientoCient\u00edfico-Humanista para posteriormente, en la d\u00e9cada de los 90, impartir dos modalidades deEnse\u00f1anza Media, Cient\u00edfica Humanista y T\u00e9cnico Profesional, convirti\u00e9ndose as\u00ed en Polivalente comosiempre lo hab\u00eda querido la comunidad Chiguayantina un establecimiento que impartiera carrerast\u00e9cnicas para los hijos de los trabajadores. &hellip; <\/p>\n<p class=\"link-more\"><a href=\"https:\/\/liceochiguayante.cl\/index.php\/historia\/\" class=\"more-link\">Continuar leyendo<span class=\"screen-reader-text\"> \u00abHistoria\u00bb<\/span><\/a><\/p>\n","protected":false},"author":1,"featured_media":0,"parent":0,"menu_order":0,"comment_status":"closed","ping_status":"closed","template":"","meta":{"advgb_blocks_editor_width":"","advgb_blocks_columns_visual_guide":""},"yoast_head":"<!-- This site is optimized with the Yoast SEO plugin v19.0 - https:\/\/yoast.com\/wordpress\/plugins\/seo\/ -->\n<title>Historia - LICEO CHIGUAYANTE - Prekinder hasta 4 Medio<\/title>\n<meta name=\"robots\" content=\"index, follow, max-snippet:-1, max-image-preview:large, max-video-preview:-1\" \/>\n<link rel=\"canonical\" href=\"https:\/\/liceochiguayante.cl\/index.php\/historia\/\" \/>\n<meta property=\"og:locale\" content=\"es_ES\" \/>\n<meta property=\"og:type\" content=\"article\" \/>\n<meta property=\"og:title\" content=\"Historia - LICEO CHIGUAYANTE - Prekinder hasta 4 Medio\" \/>\n<meta property=\"og:description\" content=\"El Liceo Chiguayante ha servido a la comunidad durante 53 a\u00f1os, primero como un establecimientoCient\u00edfico-Humanista para posteriormente, en la d\u00e9cada de los 90, impartir dos modalidades deEnse\u00f1anza Media, Cient\u00edfica Humanista y T\u00e9cnico Profesional, convirti\u00e9ndose as\u00ed en Polivalente comosiempre lo hab\u00eda querido la comunidad Chiguayantina un establecimiento que impartiera carrerast\u00e9cnicas para los hijos de los trabajadores. &hellip; Continuar leyendo &quot;Historia&quot;\" \/>\n<meta property=\"og:url\" content=\"https:\/\/liceochiguayante.cl\/index.php\/historia\/\" \/>\n<meta property=\"og:site_name\" content=\"LICEO CHIGUAYANTE - Prekinder hasta 4 Medio\" \/>\n<meta property=\"article:publisher\" content=\"https:\/\/es-la.facebook.com\/polivalenteChiguayante\/\" \/>\n<meta property=\"article:modified_time\" content=\"2021-10-06T10:52:59+00:00\" \/>\n<meta property=\"og:image\" content=\"https:\/\/liceochiguayante.cl\/wp-content\/uploads\/2021\/10\/liceo-chigte-2-2-1024x614.jpg\" \/>\n<meta name=\"twitter:card\" content=\"summary_large_image\" \/>\n<meta name=\"twitter:label1\" content=\"Tiempo de lectura\" \/>\n\t<meta name=\"twitter:data1\" content=\"1 minuto\" \/>\n<script type=\"application\/ld+json\" class=\"yoast-schema-graph\">{\"@context\":\"https:\/\/schema.org\",\"@graph\":[{\"@type\":\"Organization\",\"@id\":\"https:\/\/liceochiguayante.cl\/#organization\",\"name\":\"Liceo Chiguayante\",\"url\":\"https:\/\/liceochiguayante.cl\/\",\"sameAs\":[\"https:\/\/www.instagram.com\/liceo_chiguayante\/\",\"https:\/\/www.youtube.com\/channel\/UCnkl_ClR0sG6sMXe9JMdLmg\",\"https:\/\/es-la.facebook.com\/polivalenteChiguayante\/\"],\"logo\":{\"@type\":\"ImageObject\",\"inLanguage\":\"es\",\"@id\":\"https:\/\/liceochiguayante.cl\/#\/schema\/logo\/image\/\",\"url\":\"https:\/\/liceochiguayante.cl\/wp-content\/uploads\/2021\/04\/liceo-logo-s500.png\",\"contentUrl\":\"https:\/\/liceochiguayante.cl\/wp-content\/uploads\/2021\/04\/liceo-logo-s500.png\",\"width\":435,\"height\":500,\"caption\":\"Liceo Chiguayante\"},\"image\":{\"@id\":\"https:\/\/liceochiguayante.cl\/#\/schema\/logo\/image\/\"}},{\"@type\":\"WebSite\",\"@id\":\"https:\/\/liceochiguayante.cl\/#website\",\"url\":\"https:\/\/liceochiguayante.cl\/\",\"name\":\"LICEO CHIGUAYANTE - Prekinder hasta 4 Medio\",\"description\":\"&ldquo;Educando Lideres con Afecto, Cultura e Innovaci&oacute;n&rdquo; - Excelencia Acad&eacute;mica 2024-2025\",\"publisher\":{\"@id\":\"https:\/\/liceochiguayante.cl\/#organization\"},\"potentialAction\":[{\"@type\":\"SearchAction\",\"target\":{\"@type\":\"EntryPoint\",\"urlTemplate\":\"https:\/\/liceochiguayante.cl\/?s={search_term_string}\"},\"query-input\":\"required name=search_term_string\"}],\"inLanguage\":\"es\"},{\"@type\":\"ImageObject\",\"inLanguage\":\"es\",\"@id\":\"https:\/\/liceochiguayante.cl\/index.php\/historia\/#primaryimage\",\"url\":\"https:\/\/liceochiguayante.cl\/wp-content\/uploads\/2021\/10\/liceo-chigte-2-2.jpg\",\"contentUrl\":\"https:\/\/liceochiguayante.cl\/wp-content\/uploads\/2021\/10\/liceo-chigte-2-2.jpg\",\"width\":2000,\"height\":1200},{\"@type\":\"WebPage\",\"@id\":\"https:\/\/liceochiguayante.cl\/index.php\/historia\/#webpage\",\"url\":\"https:\/\/liceochiguayante.cl\/index.php\/historia\/\",\"name\":\"Historia - LICEO CHIGUAYANTE - Prekinder hasta 4 Medio\",\"isPartOf\":{\"@id\":\"https:\/\/liceochiguayante.cl\/#website\"},\"primaryImageOfPage\":{\"@id\":\"https:\/\/liceochiguayante.cl\/index.php\/historia\/#primaryimage\"},\"datePublished\":\"2021-04-28T14:30:31+00:00\",\"dateModified\":\"2021-10-06T10:52:59+00:00\",\"breadcrumb\":{\"@id\":\"https:\/\/liceochiguayante.cl\/index.php\/historia\/#breadcrumb\"},\"inLanguage\":\"es\",\"potentialAction\":[{\"@type\":\"ReadAction\",\"target\":[\"https:\/\/liceochiguayante.cl\/index.php\/historia\/\"]}]},{\"@type\":\"BreadcrumbList\",\"@id\":\"https:\/\/liceochiguayante.cl\/index.php\/historia\/#breadcrumb\",\"itemListElement\":[{\"@type\":\"ListItem\",\"position\":1,\"name\":\"Portada\",\"item\":\"https:\/\/liceochiguayante.cl\/\"},{\"@type\":\"ListItem\",\"position\":2,\"name\":\"Historia\"}]}]}<\/script>\n<!-- \/ Yoast SEO plugin. -->","yoast_head_json":{"title":"Historia - LICEO CHIGUAYANTE - Prekinder hasta 4 Medio","robots":{"index":"index","follow":"follow","max-snippet":"max-snippet:-1","max-image-preview":"max-image-preview:large","max-video-preview":"max-video-preview:-1"},"canonical":"https:\/\/liceochiguayante.cl\/index.php\/historia\/","og_locale":"es_ES","og_type":"article","og_title":"Historia - LICEO CHIGUAYANTE - Prekinder hasta 4 Medio","og_description":"El Liceo Chiguayante ha servido a la comunidad durante 53 a\u00f1os, primero como un establecimientoCient\u00edfico-Humanista para posteriormente, en la d\u00e9cada de los 90, impartir dos modalidades deEnse\u00f1anza Media, Cient\u00edfica Humanista y T\u00e9cnico Profesional, convirti\u00e9ndose as\u00ed en Polivalente comosiempre lo hab\u00eda querido la comunidad Chiguayantina un establecimiento que impartiera carrerast\u00e9cnicas para los hijos de los trabajadores. &hellip; Continuar leyendo \"Historia\"","og_url":"https:\/\/liceochiguayante.cl\/index.php\/historia\/","og_site_name":"LICEO CHIGUAYANTE - Prekinder hasta 4 Medio","article_publisher":"https:\/\/es-la.facebook.com\/polivalenteChiguayante\/","article_modified_time":"2021-10-06T10:52:59+00:00","og_image":[{"url":"https:\/\/liceochiguayante.cl\/wp-content\/uploads\/2021\/10\/liceo-chigte-2-2-1024x614.jpg"}],"twitter_card":"summary_large_image","twitter_misc":{"Tiempo de lectura":"1 minuto"},"schema":{"@context":"https:\/\/schema.org","@graph":[{"@type":"Organization","@id":"https:\/\/liceochiguayante.cl\/#organization","name":"Liceo Chiguayante","url":"https:\/\/liceochiguayante.cl\/","sameAs":["https:\/\/www.instagram.com\/liceo_chiguayante\/","https:\/\/www.youtube.com\/channel\/UCnkl_ClR0sG6sMXe9JMdLmg","https:\/\/es-la.facebook.com\/polivalenteChiguayante\/"],"logo":{"@type":"ImageObject","inLanguage":"es","@id":"https:\/\/liceochiguayante.cl\/#\/schema\/logo\/image\/","url":"https:\/\/liceochiguayante.cl\/wp-content\/uploads\/2021\/04\/liceo-logo-s500.png","contentUrl":"https:\/\/liceochiguayante.cl\/wp-content\/uploads\/2021\/04\/liceo-logo-s500.png","width":435,"height":500,"caption":"Liceo Chiguayante"},"image":{"@id":"https:\/\/liceochiguayante.cl\/#\/schema\/logo\/image\/"}},{"@type":"WebSite","@id":"https:\/\/liceochiguayante.cl\/#website","url":"https:\/\/liceochiguayante.cl\/","name":"LICEO CHIGUAYANTE - Prekinder hasta 4 Medio","description":"&ldquo;Educando Lideres con Afecto, Cultura e Innovaci&oacute;n&rdquo; - Excelencia Acad&eacute;mica 2024-2025","publisher":{"@id":"https:\/\/liceochiguayante.cl\/#organization"},"potentialAction":[{"@type":"SearchAction","target":{"@type":"EntryPoint","urlTemplate":"https:\/\/liceochiguayante.cl\/?s={search_term_string}"},"query-input":"required name=search_term_string"}],"inLanguage":"es"},{"@type":"ImageObject","inLanguage":"es","@id":"https:\/\/liceochiguayante.cl\/index.php\/historia\/#primaryimage","url":"https:\/\/liceochiguayante.cl\/wp-content\/uploads\/2021\/10\/liceo-chigte-2-2.jpg","contentUrl":"https:\/\/liceochiguayante.cl\/wp-content\/uploads\/2021\/10\/liceo-chigte-2-2.jpg","width":2000,"height":1200},{"@type":"WebPage","@id":"https:\/\/liceochiguayante.cl\/index.php\/historia\/#webpage","url":"https:\/\/liceochiguayante.cl\/index.php\/historia\/","name":"Historia - LICEO CHIGUAYANTE - Prekinder hasta 4 Medio","isPartOf":{"@id":"https:\/\/liceochiguayante.cl\/#website"},"primaryImageOfPage":{"@id":"https:\/\/liceochiguayante.cl\/index.php\/historia\/#primaryimage"},"datePublished":"2021-04-28T14:30:31+00:00","dateModified":"2021-10-06T10:52:59+00:00","breadcrumb":{"@id":"https:\/\/liceochiguayante.cl\/index.php\/historia\/#breadcrumb"},"inLanguage":"es","potentialAction":[{"@type":"ReadAction","target":["https:\/\/liceochiguayante.cl\/index.php\/historia\/"]}]},{"@type":"BreadcrumbList","@id":"https:\/\/liceochiguayante.cl\/index.php\/historia\/#breadcrumb","itemListElement":[{"@type":"ListItem","position":1,"name":"Portada","item":"https:\/\/liceochiguayante.cl\/"},{"@type":"ListItem","position":2,"name":"Historia"}]}]}},"coauthors":[],"author_meta":{"author_link":"https:\/\/liceochiguayante.cl\/index.php\/author\/admin\/","display_name":"admin"},"relative_dates":{"created":"Publicado 5 a\u00f1os hace","modified":"Actualizado 5 a\u00f1os hace"},"absolute_dates":{"created":"Publicado el 28\/04\/2021","modified":"Actualizado el 06\/10\/2021"},"absolute_dates_time":{"created":"Publicado el 28\/04\/2021 14:30","modified":"Actualizado el 06\/10\/2021 10:52"},"featured_img_caption":"","featured_img":false,"series_order":"","uagb_featured_image_src":{"full":false,"thumbnail":false,"medium":false,"medium_large":false,"large":false,"1536x1536":false,"2048x2048":false,"twentyseventeen-featured-image":false,"twentyseventeen-thumbnail-avatar":false},"uagb_author_info":{"display_name":"admin","author_link":"https:\/\/liceochiguayante.cl\/index.php\/author\/admin\/"},"uagb_comment_info":0,"uagb_excerpt":"El Liceo Chiguayante ha servido a la comunidad durante 53 a\u00f1os, primero como un establecimientoCient\u00edfico-Humanista para posteriormente, en la d\u00e9cada de los 90, impartir dos modalidades deEnse\u00f1anza Media, Cient\u00edfica Humanista y T\u00e9cnico Profesional, convirti\u00e9ndose as\u00ed en Polivalente comosiempre lo hab\u00eda querido la comunidad Chiguayantina un establecimiento que impartiera carrerast\u00e9cnicas para los hijos de los trabajadores.&hellip;","_links":{"self":[{"href":"https:\/\/liceochiguayante.cl\/index.php\/wp-json\/wp\/v2\/pages\/315"}],"collection":[{"href":"https:\/\/liceochiguayante.cl\/index.php\/wp-json\/wp\/v2\/pages"}],"about":[{"href":"https:\/\/liceochiguayante.cl\/index.php\/wp-json\/wp\/v2\/types\/page"}],"author":[{"embeddable":true,"href":"https:\/\/liceochiguayante.cl\/index.php\/wp-json\/wp\/v2\/users\/1"}],"replies":[{"embeddable":true,"href":"https:\/\/liceochiguayante.cl\/index.php\/wp-json\/wp\/v2\/comments?post=315"}],"version-history":[{"count":4,"href":"https:\/\/liceochiguayante.cl\/index.php\/wp-json\/wp\/v2\/pages\/315\/revisions"}],"predecessor-version":[{"id":432,"href":"https:\/\/liceochiguayante.cl\/index.php\/wp-json\/wp\/v2\/pages\/315\/revisions\/432"}],"wp:attachment":[{"href":"https:\/\/liceochiguayante.cl\/index.php\/wp-json\/wp\/v2\/media?parent=315"}],"curies":[{"name":"wp","href":"https:\/\/api.w.org\/{rel}","templated":true}]}}