{"id":304,"date":"2021-04-28T13:30:26","date_gmt":"2021-04-28T13:30:26","guid":{"rendered":"https:\/\/liceochiguayante.cl\/?page_id=304"},"modified":"2021-10-06T10:38:55","modified_gmt":"2021-10-06T10:38:55","slug":"ensenanza-basica","status":"publish","type":"page","link":"https:\/\/liceochiguayante.cl\/index.php\/ensenanza-basica\/","title":{"rendered":"Ense\u00f1anza B\u00e1sica"},"content":{"rendered":"\n<figure class=\"wp-block-image size-large\"><img loading=\"lazy\" width=\"840\" height=\"430\" src=\"https:\/\/liceochiguayante.cl\/wp-content\/uploads\/2021\/10\/aprender-1.png\" alt=\"\" class=\"wp-image-423\" srcset=\"https:\/\/liceochiguayante.cl\/wp-content\/uploads\/2021\/10\/aprender-1.png 840w, https:\/\/liceochiguayante.cl\/wp-content\/uploads\/2021\/10\/aprender-1-300x154.png 300w, https:\/\/liceochiguayante.cl\/wp-content\/uploads\/2021\/10\/aprender-1-768x393.png 768w\" sizes=\"(max-width: 767px) 89vw, (max-width: 1000px) 54vw, (max-width: 1071px) 543px, 580px\" \/><\/figure>\n\n\n\n<p>La Educaci\u00f3n B\u00e1sica es el segundo nivel de la educaci\u00f3n formal. <\/p>\n\n\n\n<p>En este nivel, se desarrolla una formaci\u00f3n integral para los y las estudiantes, abordando las dimensiones f\u00edsica, afectiva, cognitiva, social, cultural, espiritual y moral.<\/p>\n\n\n\n<p>Durante la Educaci\u00f3n B\u00e1sica los y las estudiantes deben, entre otros aprendizajes, desarrollar una autoestima positiva y conciencia de s\u00ed mismo, aprender a trabajar individualmente y en equipo, desarrollar su responsabilidad y tolerancia a la frustraci\u00f3n, pensar en forma reflexiva y desarrollar su creatividad.<\/p>\n\n\n\n\n","protected":false},"excerpt":{"rendered":"<p>La Educaci\u00f3n B\u00e1sica es el segundo nivel de la educaci\u00f3n formal. En este nivel, se desarrolla una formaci\u00f3n integral para los y las estudiantes, abordando las dimensiones f\u00edsica, afectiva, cognitiva, social, cultural, espiritual y moral. Durante la Educaci\u00f3n B\u00e1sica los y las estudiantes deben, entre otros aprendizajes, desarrollar una autoestima positiva y conciencia de s\u00ed &hellip; <\/p>\n<p class=\"link-more\"><a href=\"https:\/\/liceochiguayante.cl\/index.php\/ensenanza-basica\/\" class=\"more-link\">Continuar leyendo<span class=\"screen-reader-text\"> \u00abEnse\u00f1anza B\u00e1sica\u00bb<\/span><\/a><\/p>\n","protected":false},"author":1,"featured_media":0,"parent":0,"menu_order":0,"comment_status":"closed","ping_status":"closed","template":"","meta":{"advgb_blocks_editor_width":"","advgb_blocks_columns_visual_guide":""},"yoast_head":"<!-- This site is optimized with the Yoast SEO plugin v19.0 - https:\/\/yoast.com\/wordpress\/plugins\/seo\/ -->\n<title>Ense\u00f1anza B\u00e1sica - LICEO CHIGUAYANTE - Prekinder hasta 4 Medio<\/title>\n<meta name=\"robots\" content=\"index, follow, max-snippet:-1, max-image-preview:large, max-video-preview:-1\" \/>\n<link rel=\"canonical\" href=\"https:\/\/liceochiguayante.cl\/index.php\/ensenanza-basica\/\" \/>\n<meta property=\"og:locale\" content=\"es_ES\" \/>\n<meta property=\"og:type\" content=\"article\" \/>\n<meta property=\"og:title\" content=\"Ense\u00f1anza B\u00e1sica - LICEO CHIGUAYANTE - Prekinder hasta 4 Medio\" \/>\n<meta property=\"og:description\" content=\"La Educaci\u00f3n B\u00e1sica es el segundo nivel de la educaci\u00f3n formal. En este nivel, se desarrolla una formaci\u00f3n integral para los y las estudiantes, abordando las dimensiones f\u00edsica, afectiva, cognitiva, social, cultural, espiritual y moral. Durante la Educaci\u00f3n B\u00e1sica los y las estudiantes deben, entre otros aprendizajes, desarrollar una autoestima positiva y conciencia de s\u00ed &hellip; Continuar leyendo &quot;Ense\u00f1anza B\u00e1sica&quot;\" \/>\n<meta property=\"og:url\" content=\"https:\/\/liceochiguayante.cl\/index.php\/ensenanza-basica\/\" \/>\n<meta property=\"og:site_name\" content=\"LICEO CHIGUAYANTE - Prekinder hasta 4 Medio\" \/>\n<meta property=\"article:publisher\" content=\"https:\/\/es-la.facebook.com\/polivalenteChiguayante\/\" \/>\n<meta property=\"article:modified_time\" content=\"2021-10-06T10:38:55+00:00\" \/>\n<meta property=\"og:image\" content=\"https:\/\/liceochiguayante.cl\/wp-content\/uploads\/2021\/10\/aprender-1.png\" \/>\n<meta name=\"twitter:card\" content=\"summary_large_image\" \/>\n<script type=\"application\/ld+json\" class=\"yoast-schema-graph\">{\"@context\":\"https:\/\/schema.org\",\"@graph\":[{\"@type\":\"Organization\",\"@id\":\"https:\/\/liceochiguayante.cl\/#organization\",\"name\":\"Liceo Chiguayante\",\"url\":\"https:\/\/liceochiguayante.cl\/\",\"sameAs\":[\"https:\/\/www.instagram.com\/liceo_chiguayante\/\",\"https:\/\/www.youtube.com\/channel\/UCnkl_ClR0sG6sMXe9JMdLmg\",\"https:\/\/es-la.facebook.com\/polivalenteChiguayante\/\"],\"logo\":{\"@type\":\"ImageObject\",\"inLanguage\":\"es\",\"@id\":\"https:\/\/liceochiguayante.cl\/#\/schema\/logo\/image\/\",\"url\":\"https:\/\/liceochiguayante.cl\/wp-content\/uploads\/2021\/04\/liceo-logo-s500.png\",\"contentUrl\":\"https:\/\/liceochiguayante.cl\/wp-content\/uploads\/2021\/04\/liceo-logo-s500.png\",\"width\":435,\"height\":500,\"caption\":\"Liceo Chiguayante\"},\"image\":{\"@id\":\"https:\/\/liceochiguayante.cl\/#\/schema\/logo\/image\/\"}},{\"@type\":\"WebSite\",\"@id\":\"https:\/\/liceochiguayante.cl\/#website\",\"url\":\"https:\/\/liceochiguayante.cl\/\",\"name\":\"LICEO CHIGUAYANTE - Prekinder hasta 4 Medio\",\"description\":\"&ldquo;Educando Lideres con Afecto, Cultura e Innovaci&oacute;n&rdquo; - Excelencia Acad&eacute;mica 2024-2025\",\"publisher\":{\"@id\":\"https:\/\/liceochiguayante.cl\/#organization\"},\"potentialAction\":[{\"@type\":\"SearchAction\",\"target\":{\"@type\":\"EntryPoint\",\"urlTemplate\":\"https:\/\/liceochiguayante.cl\/?s={search_term_string}\"},\"query-input\":\"required name=search_term_string\"}],\"inLanguage\":\"es\"},{\"@type\":\"ImageObject\",\"inLanguage\":\"es\",\"@id\":\"https:\/\/liceochiguayante.cl\/index.php\/ensenanza-basica\/#primaryimage\",\"url\":\"https:\/\/liceochiguayante.cl\/wp-content\/uploads\/2021\/10\/aprender-1.png\",\"contentUrl\":\"https:\/\/liceochiguayante.cl\/wp-content\/uploads\/2021\/10\/aprender-1.png\",\"width\":840,\"height\":430},{\"@type\":\"WebPage\",\"@id\":\"https:\/\/liceochiguayante.cl\/index.php\/ensenanza-basica\/#webpage\",\"url\":\"https:\/\/liceochiguayante.cl\/index.php\/ensenanza-basica\/\",\"name\":\"Ense\u00f1anza B\u00e1sica - LICEO CHIGUAYANTE - Prekinder hasta 4 Medio\",\"isPartOf\":{\"@id\":\"https:\/\/liceochiguayante.cl\/#website\"},\"primaryImageOfPage\":{\"@id\":\"https:\/\/liceochiguayante.cl\/index.php\/ensenanza-basica\/#primaryimage\"},\"datePublished\":\"2021-04-28T13:30:26+00:00\",\"dateModified\":\"2021-10-06T10:38:55+00:00\",\"breadcrumb\":{\"@id\":\"https:\/\/liceochiguayante.cl\/index.php\/ensenanza-basica\/#breadcrumb\"},\"inLanguage\":\"es\",\"potentialAction\":[{\"@type\":\"ReadAction\",\"target\":[\"https:\/\/liceochiguayante.cl\/index.php\/ensenanza-basica\/\"]}]},{\"@type\":\"BreadcrumbList\",\"@id\":\"https:\/\/liceochiguayante.cl\/index.php\/ensenanza-basica\/#breadcrumb\",\"itemListElement\":[{\"@type\":\"ListItem\",\"position\":1,\"name\":\"Portada\",\"item\":\"https:\/\/liceochiguayante.cl\/\"},{\"@type\":\"ListItem\",\"position\":2,\"name\":\"Ense\u00f1anza B\u00e1sica\"}]}]}<\/script>\n<!-- \/ Yoast SEO plugin. -->","yoast_head_json":{"title":"Ense\u00f1anza B\u00e1sica - LICEO CHIGUAYANTE - Prekinder hasta 4 Medio","robots":{"index":"index","follow":"follow","max-snippet":"max-snippet:-1","max-image-preview":"max-image-preview:large","max-video-preview":"max-video-preview:-1"},"canonical":"https:\/\/liceochiguayante.cl\/index.php\/ensenanza-basica\/","og_locale":"es_ES","og_type":"article","og_title":"Ense\u00f1anza B\u00e1sica - LICEO CHIGUAYANTE - Prekinder hasta 4 Medio","og_description":"La Educaci\u00f3n B\u00e1sica es el segundo nivel de la educaci\u00f3n formal. En este nivel, se desarrolla una formaci\u00f3n integral para los y las estudiantes, abordando las dimensiones f\u00edsica, afectiva, cognitiva, social, cultural, espiritual y moral. Durante la Educaci\u00f3n B\u00e1sica los y las estudiantes deben, entre otros aprendizajes, desarrollar una autoestima positiva y conciencia de s\u00ed &hellip; Continuar leyendo \"Ense\u00f1anza B\u00e1sica\"","og_url":"https:\/\/liceochiguayante.cl\/index.php\/ensenanza-basica\/","og_site_name":"LICEO CHIGUAYANTE - Prekinder hasta 4 Medio","article_publisher":"https:\/\/es-la.facebook.com\/polivalenteChiguayante\/","article_modified_time":"2021-10-06T10:38:55+00:00","og_image":[{"url":"https:\/\/liceochiguayante.cl\/wp-content\/uploads\/2021\/10\/aprender-1.png"}],"twitter_card":"summary_large_image","schema":{"@context":"https:\/\/schema.org","@graph":[{"@type":"Organization","@id":"https:\/\/liceochiguayante.cl\/#organization","name":"Liceo Chiguayante","url":"https:\/\/liceochiguayante.cl\/","sameAs":["https:\/\/www.instagram.com\/liceo_chiguayante\/","https:\/\/www.youtube.com\/channel\/UCnkl_ClR0sG6sMXe9JMdLmg","https:\/\/es-la.facebook.com\/polivalenteChiguayante\/"],"logo":{"@type":"ImageObject","inLanguage":"es","@id":"https:\/\/liceochiguayante.cl\/#\/schema\/logo\/image\/","url":"https:\/\/liceochiguayante.cl\/wp-content\/uploads\/2021\/04\/liceo-logo-s500.png","contentUrl":"https:\/\/liceochiguayante.cl\/wp-content\/uploads\/2021\/04\/liceo-logo-s500.png","width":435,"height":500,"caption":"Liceo Chiguayante"},"image":{"@id":"https:\/\/liceochiguayante.cl\/#\/schema\/logo\/image\/"}},{"@type":"WebSite","@id":"https:\/\/liceochiguayante.cl\/#website","url":"https:\/\/liceochiguayante.cl\/","name":"LICEO CHIGUAYANTE - Prekinder hasta 4 Medio","description":"&ldquo;Educando Lideres con Afecto, Cultura e Innovaci&oacute;n&rdquo; - Excelencia Acad&eacute;mica 2024-2025","publisher":{"@id":"https:\/\/liceochiguayante.cl\/#organization"},"potentialAction":[{"@type":"SearchAction","target":{"@type":"EntryPoint","urlTemplate":"https:\/\/liceochiguayante.cl\/?s={search_term_string}"},"query-input":"required name=search_term_string"}],"inLanguage":"es"},{"@type":"ImageObject","inLanguage":"es","@id":"https:\/\/liceochiguayante.cl\/index.php\/ensenanza-basica\/#primaryimage","url":"https:\/\/liceochiguayante.cl\/wp-content\/uploads\/2021\/10\/aprender-1.png","contentUrl":"https:\/\/liceochiguayante.cl\/wp-content\/uploads\/2021\/10\/aprender-1.png","width":840,"height":430},{"@type":"WebPage","@id":"https:\/\/liceochiguayante.cl\/index.php\/ensenanza-basica\/#webpage","url":"https:\/\/liceochiguayante.cl\/index.php\/ensenanza-basica\/","name":"Ense\u00f1anza B\u00e1sica - LICEO CHIGUAYANTE - Prekinder hasta 4 Medio","isPartOf":{"@id":"https:\/\/liceochiguayante.cl\/#website"},"primaryImageOfPage":{"@id":"https:\/\/liceochiguayante.cl\/index.php\/ensenanza-basica\/#primaryimage"},"datePublished":"2021-04-28T13:30:26+00:00","dateModified":"2021-10-06T10:38:55+00:00","breadcrumb":{"@id":"https:\/\/liceochiguayante.cl\/index.php\/ensenanza-basica\/#breadcrumb"},"inLanguage":"es","potentialAction":[{"@type":"ReadAction","target":["https:\/\/liceochiguayante.cl\/index.php\/ensenanza-basica\/"]}]},{"@type":"BreadcrumbList","@id":"https:\/\/liceochiguayante.cl\/index.php\/ensenanza-basica\/#breadcrumb","itemListElement":[{"@type":"ListItem","position":1,"name":"Portada","item":"https:\/\/liceochiguayante.cl\/"},{"@type":"ListItem","position":2,"name":"Ense\u00f1anza B\u00e1sica"}]}]}},"coauthors":[],"author_meta":{"author_link":"https:\/\/liceochiguayante.cl\/index.php\/author\/admin\/","display_name":"admin"},"relative_dates":{"created":"Publicado 5 a\u00f1os hace","modified":"Actualizado 5 a\u00f1os hace"},"absolute_dates":{"created":"Publicado el 28\/04\/2021","modified":"Actualizado el 06\/10\/2021"},"absolute_dates_time":{"created":"Publicado el 28\/04\/2021 13:30","modified":"Actualizado el 06\/10\/2021 10:38"},"featured_img_caption":"","featured_img":false,"series_order":"","uagb_featured_image_src":{"full":false,"thumbnail":false,"medium":false,"medium_large":false,"large":false,"1536x1536":false,"2048x2048":false,"twentyseventeen-featured-image":false,"twentyseventeen-thumbnail-avatar":false},"uagb_author_info":{"display_name":"admin","author_link":"https:\/\/liceochiguayante.cl\/index.php\/author\/admin\/"},"uagb_comment_info":0,"uagb_excerpt":"La Educaci\u00f3n B\u00e1sica es el segundo nivel de la educaci\u00f3n formal. En este nivel, se desarrolla una formaci\u00f3n integral para los y las estudiantes, abordando las dimensiones f\u00edsica, afectiva, cognitiva, social, cultural, espiritual y moral. Durante la Educaci\u00f3n B\u00e1sica los y las estudiantes deben, entre otros aprendizajes, desarrollar una autoestima positiva y conciencia de s\u00ed&hellip;","_links":{"self":[{"href":"https:\/\/liceochiguayante.cl\/index.php\/wp-json\/wp\/v2\/pages\/304"}],"collection":[{"href":"https:\/\/liceochiguayante.cl\/index.php\/wp-json\/wp\/v2\/pages"}],"about":[{"href":"https:\/\/liceochiguayante.cl\/index.php\/wp-json\/wp\/v2\/types\/page"}],"author":[{"embeddable":true,"href":"https:\/\/liceochiguayante.cl\/index.php\/wp-json\/wp\/v2\/users\/1"}],"replies":[{"embeddable":true,"href":"https:\/\/liceochiguayante.cl\/index.php\/wp-json\/wp\/v2\/comments?post=304"}],"version-history":[{"count":4,"href":"https:\/\/liceochiguayante.cl\/index.php\/wp-json\/wp\/v2\/pages\/304\/revisions"}],"predecessor-version":[{"id":424,"href":"https:\/\/liceochiguayante.cl\/index.php\/wp-json\/wp\/v2\/pages\/304\/revisions\/424"}],"wp:attachment":[{"href":"https:\/\/liceochiguayante.cl\/index.php\/wp-json\/wp\/v2\/media?parent=304"}],"curies":[{"name":"wp","href":"https:\/\/api.w.org\/{rel}","templated":true}]}}