{"id":152,"date":"2021-04-26T19:34:34","date_gmt":"2021-04-26T19:34:34","guid":{"rendered":"https:\/\/liceochiguayante.cl\/?page_id=152"},"modified":"2025-04-06T23:30:20","modified_gmt":"2025-04-07T02:30:20","slug":"unidad-tecnico-pedagogica","status":"publish","type":"page","link":"https:\/\/liceochiguayante.cl\/index.php\/unidad-tecnico-pedagogica\/","title":{"rendered":"Unidad T\u00e9cnico Pedag\u00f3gica"},"content":{"rendered":"\n<figure class=\"wp-block-image size-large\"><img loading=\"lazy\" width=\"626\" height=\"242\" src=\"https:\/\/liceochiguayante.cl\/wp-content\/uploads\/2021\/04\/UTP.jpg\" alt=\"\" class=\"wp-image-181\" srcset=\"https:\/\/liceochiguayante.cl\/wp-content\/uploads\/2021\/04\/UTP.jpg 626w, https:\/\/liceochiguayante.cl\/wp-content\/uploads\/2021\/04\/UTP-300x116.jpg 300w\" sizes=\"(max-width: 626px) 100vw, 626px\" \/><\/figure>\n\n\n\n<h2>Reglamento de evaluaci\u00f3n<\/h2>\n\n\n\n<div class=\"_df_book df-lite\" id=\"df_1428\"  _slug=\"1428\" data-title=\"\" wpoptions=\"true\" thumbtype=\"\" ><\/div><script class=\"df-shortcode-script\" nowprocket type=\"application\/javascript\">window.option_df_1428 = {\"outline\":[],\"autoEnableOutline\":\"false\",\"autoEnableThumbnail\":\"false\",\"overwritePDFOutline\":\"false\",\"direction\":\"1\",\"pageSize\":\"0\",\"source\":\"https:\\\/\\\/liceochiguayante.cl\\\/wp-content\\\/uploads\\\/2025\\\/04\\\/Manual-de-evaluacio\\u0301n-y-promocio\\u0301n-escolar.-LICEO-CHIGUAYANTE-2025-1.pdf\",\"wpOptions\":\"true\"}; if(window.DFLIP && window.DFLIP.parseBooks){window.DFLIP.parseBooks();}<\/script>\n\n\n\n<p>Decreto 67<\/p>\n\n\n\n<div class=\"_df_book df-lite\" id=\"df_810\"  _slug=\"810\" data-title=\"\" wpoptions=\"true\" thumbtype=\"\" ><\/div><script class=\"df-shortcode-script\" nowprocket type=\"application\/javascript\">window.option_df_810 = {\"outline\":[],\"autoEnableOutline\":\"false\",\"autoEnableThumbnail\":\"false\",\"overwritePDFOutline\":\"false\",\"direction\":\"1\",\"pageSize\":\"0\",\"source\":\"https:\\\/\\\/liceochiguayante.cl\\\/wp-content\\\/uploads\\\/2021\\\/10\\\/REGLAMENTO-DE-EVALUACION-Decreto-67.pdf\",\"wpOptions\":\"true\"}; if(window.DFLIP && window.DFLIP.parseBooks){window.DFLIP.parseBooks();}<\/script>\n\n\n\n\n","protected":false},"excerpt":{"rendered":"<p>Reglamento de evaluaci\u00f3n Decreto 67<\/p>\n","protected":false},"author":1,"featured_media":0,"parent":0,"menu_order":0,"comment_status":"closed","ping_status":"closed","template":"","meta":{"advgb_blocks_editor_width":"","advgb_blocks_columns_visual_guide":""},"yoast_head":"<!-- This site is optimized with the Yoast SEO plugin v19.0 - https:\/\/yoast.com\/wordpress\/plugins\/seo\/ -->\n<title>Unidad T\u00e9cnico Pedag\u00f3gica - LICEO CHIGUAYANTE - Prekinder hasta 4 Medio<\/title>\n<meta name=\"robots\" content=\"index, follow, max-snippet:-1, max-image-preview:large, max-video-preview:-1\" \/>\n<link rel=\"canonical\" href=\"https:\/\/liceochiguayante.cl\/index.php\/unidad-tecnico-pedagogica\/\" \/>\n<meta property=\"og:locale\" content=\"es_ES\" \/>\n<meta property=\"og:type\" content=\"article\" \/>\n<meta property=\"og:title\" content=\"Unidad T\u00e9cnico Pedag\u00f3gica - LICEO CHIGUAYANTE - Prekinder hasta 4 Medio\" \/>\n<meta property=\"og:description\" content=\"Reglamento de evaluaci\u00f3n Decreto 67\" \/>\n<meta property=\"og:url\" content=\"https:\/\/liceochiguayante.cl\/index.php\/unidad-tecnico-pedagogica\/\" \/>\n<meta property=\"og:site_name\" content=\"LICEO CHIGUAYANTE - Prekinder hasta 4 Medio\" \/>\n<meta property=\"article:publisher\" content=\"https:\/\/es-la.facebook.com\/polivalenteChiguayante\/\" \/>\n<meta property=\"article:modified_time\" content=\"2025-04-07T02:30:20+00:00\" \/>\n<meta property=\"og:image\" content=\"https:\/\/liceochiguayante.cl\/wp-content\/uploads\/2021\/04\/UTP.jpg\" \/>\n<meta name=\"twitter:card\" content=\"summary_large_image\" \/>\n<meta name=\"twitter:label1\" content=\"Tiempo de lectura\" \/>\n\t<meta name=\"twitter:data1\" content=\"1 minuto\" \/>\n<script type=\"application\/ld+json\" class=\"yoast-schema-graph\">{\"@context\":\"https:\/\/schema.org\",\"@graph\":[{\"@type\":\"Organization\",\"@id\":\"https:\/\/liceochiguayante.cl\/#organization\",\"name\":\"Liceo Chiguayante\",\"url\":\"https:\/\/liceochiguayante.cl\/\",\"sameAs\":[\"https:\/\/www.instagram.com\/liceo_chiguayante\/\",\"https:\/\/www.youtube.com\/channel\/UCnkl_ClR0sG6sMXe9JMdLmg\",\"https:\/\/es-la.facebook.com\/polivalenteChiguayante\/\"],\"logo\":{\"@type\":\"ImageObject\",\"inLanguage\":\"es\",\"@id\":\"https:\/\/liceochiguayante.cl\/#\/schema\/logo\/image\/\",\"url\":\"https:\/\/liceochiguayante.cl\/wp-content\/uploads\/2021\/04\/liceo-logo-s500.png\",\"contentUrl\":\"https:\/\/liceochiguayante.cl\/wp-content\/uploads\/2021\/04\/liceo-logo-s500.png\",\"width\":435,\"height\":500,\"caption\":\"Liceo Chiguayante\"},\"image\":{\"@id\":\"https:\/\/liceochiguayante.cl\/#\/schema\/logo\/image\/\"}},{\"@type\":\"WebSite\",\"@id\":\"https:\/\/liceochiguayante.cl\/#website\",\"url\":\"https:\/\/liceochiguayante.cl\/\",\"name\":\"LICEO CHIGUAYANTE - Prekinder hasta 4 Medio\",\"description\":\"&ldquo;Educando Lideres con Afecto, Cultura e Innovaci&oacute;n&rdquo; - Excelencia Acad&eacute;mica 2024-2025\",\"publisher\":{\"@id\":\"https:\/\/liceochiguayante.cl\/#organization\"},\"potentialAction\":[{\"@type\":\"SearchAction\",\"target\":{\"@type\":\"EntryPoint\",\"urlTemplate\":\"https:\/\/liceochiguayante.cl\/?s={search_term_string}\"},\"query-input\":\"required name=search_term_string\"}],\"inLanguage\":\"es\"},{\"@type\":\"ImageObject\",\"inLanguage\":\"es\",\"@id\":\"https:\/\/liceochiguayante.cl\/index.php\/unidad-tecnico-pedagogica\/#primaryimage\",\"url\":\"https:\/\/liceochiguayante.cl\/wp-content\/uploads\/2021\/04\/UTP.jpg\",\"contentUrl\":\"https:\/\/liceochiguayante.cl\/wp-content\/uploads\/2021\/04\/UTP.jpg\",\"width\":626,\"height\":242},{\"@type\":\"WebPage\",\"@id\":\"https:\/\/liceochiguayante.cl\/index.php\/unidad-tecnico-pedagogica\/#webpage\",\"url\":\"https:\/\/liceochiguayante.cl\/index.php\/unidad-tecnico-pedagogica\/\",\"name\":\"Unidad T\u00e9cnico Pedag\u00f3gica - LICEO CHIGUAYANTE - Prekinder hasta 4 Medio\",\"isPartOf\":{\"@id\":\"https:\/\/liceochiguayante.cl\/#website\"},\"primaryImageOfPage\":{\"@id\":\"https:\/\/liceochiguayante.cl\/index.php\/unidad-tecnico-pedagogica\/#primaryimage\"},\"datePublished\":\"2021-04-26T19:34:34+00:00\",\"dateModified\":\"2025-04-07T02:30:20+00:00\",\"breadcrumb\":{\"@id\":\"https:\/\/liceochiguayante.cl\/index.php\/unidad-tecnico-pedagogica\/#breadcrumb\"},\"inLanguage\":\"es\",\"potentialAction\":[{\"@type\":\"ReadAction\",\"target\":[\"https:\/\/liceochiguayante.cl\/index.php\/unidad-tecnico-pedagogica\/\"]}]},{\"@type\":\"BreadcrumbList\",\"@id\":\"https:\/\/liceochiguayante.cl\/index.php\/unidad-tecnico-pedagogica\/#breadcrumb\",\"itemListElement\":[{\"@type\":\"ListItem\",\"position\":1,\"name\":\"Portada\",\"item\":\"https:\/\/liceochiguayante.cl\/\"},{\"@type\":\"ListItem\",\"position\":2,\"name\":\"Unidad T\u00e9cnico Pedag\u00f3gica\"}]}]}<\/script>\n<!-- \/ Yoast SEO plugin. -->","yoast_head_json":{"title":"Unidad T\u00e9cnico Pedag\u00f3gica - LICEO CHIGUAYANTE - Prekinder hasta 4 Medio","robots":{"index":"index","follow":"follow","max-snippet":"max-snippet:-1","max-image-preview":"max-image-preview:large","max-video-preview":"max-video-preview:-1"},"canonical":"https:\/\/liceochiguayante.cl\/index.php\/unidad-tecnico-pedagogica\/","og_locale":"es_ES","og_type":"article","og_title":"Unidad T\u00e9cnico Pedag\u00f3gica - LICEO CHIGUAYANTE - Prekinder hasta 4 Medio","og_description":"Reglamento de evaluaci\u00f3n Decreto 67","og_url":"https:\/\/liceochiguayante.cl\/index.php\/unidad-tecnico-pedagogica\/","og_site_name":"LICEO CHIGUAYANTE - Prekinder hasta 4 Medio","article_publisher":"https:\/\/es-la.facebook.com\/polivalenteChiguayante\/","article_modified_time":"2025-04-07T02:30:20+00:00","og_image":[{"url":"https:\/\/liceochiguayante.cl\/wp-content\/uploads\/2021\/04\/UTP.jpg"}],"twitter_card":"summary_large_image","twitter_misc":{"Tiempo de lectura":"1 minuto"},"schema":{"@context":"https:\/\/schema.org","@graph":[{"@type":"Organization","@id":"https:\/\/liceochiguayante.cl\/#organization","name":"Liceo Chiguayante","url":"https:\/\/liceochiguayante.cl\/","sameAs":["https:\/\/www.instagram.com\/liceo_chiguayante\/","https:\/\/www.youtube.com\/channel\/UCnkl_ClR0sG6sMXe9JMdLmg","https:\/\/es-la.facebook.com\/polivalenteChiguayante\/"],"logo":{"@type":"ImageObject","inLanguage":"es","@id":"https:\/\/liceochiguayante.cl\/#\/schema\/logo\/image\/","url":"https:\/\/liceochiguayante.cl\/wp-content\/uploads\/2021\/04\/liceo-logo-s500.png","contentUrl":"https:\/\/liceochiguayante.cl\/wp-content\/uploads\/2021\/04\/liceo-logo-s500.png","width":435,"height":500,"caption":"Liceo Chiguayante"},"image":{"@id":"https:\/\/liceochiguayante.cl\/#\/schema\/logo\/image\/"}},{"@type":"WebSite","@id":"https:\/\/liceochiguayante.cl\/#website","url":"https:\/\/liceochiguayante.cl\/","name":"LICEO CHIGUAYANTE - Prekinder hasta 4 Medio","description":"&ldquo;Educando Lideres con Afecto, Cultura e Innovaci&oacute;n&rdquo; - Excelencia Acad&eacute;mica 2024-2025","publisher":{"@id":"https:\/\/liceochiguayante.cl\/#organization"},"potentialAction":[{"@type":"SearchAction","target":{"@type":"EntryPoint","urlTemplate":"https:\/\/liceochiguayante.cl\/?s={search_term_string}"},"query-input":"required name=search_term_string"}],"inLanguage":"es"},{"@type":"ImageObject","inLanguage":"es","@id":"https:\/\/liceochiguayante.cl\/index.php\/unidad-tecnico-pedagogica\/#primaryimage","url":"https:\/\/liceochiguayante.cl\/wp-content\/uploads\/2021\/04\/UTP.jpg","contentUrl":"https:\/\/liceochiguayante.cl\/wp-content\/uploads\/2021\/04\/UTP.jpg","width":626,"height":242},{"@type":"WebPage","@id":"https:\/\/liceochiguayante.cl\/index.php\/unidad-tecnico-pedagogica\/#webpage","url":"https:\/\/liceochiguayante.cl\/index.php\/unidad-tecnico-pedagogica\/","name":"Unidad T\u00e9cnico Pedag\u00f3gica - LICEO CHIGUAYANTE - Prekinder hasta 4 Medio","isPartOf":{"@id":"https:\/\/liceochiguayante.cl\/#website"},"primaryImageOfPage":{"@id":"https:\/\/liceochiguayante.cl\/index.php\/unidad-tecnico-pedagogica\/#primaryimage"},"datePublished":"2021-04-26T19:34:34+00:00","dateModified":"2025-04-07T02:30:20+00:00","breadcrumb":{"@id":"https:\/\/liceochiguayante.cl\/index.php\/unidad-tecnico-pedagogica\/#breadcrumb"},"inLanguage":"es","potentialAction":[{"@type":"ReadAction","target":["https:\/\/liceochiguayante.cl\/index.php\/unidad-tecnico-pedagogica\/"]}]},{"@type":"BreadcrumbList","@id":"https:\/\/liceochiguayante.cl\/index.php\/unidad-tecnico-pedagogica\/#breadcrumb","itemListElement":[{"@type":"ListItem","position":1,"name":"Portada","item":"https:\/\/liceochiguayante.cl\/"},{"@type":"ListItem","position":2,"name":"Unidad T\u00e9cnico Pedag\u00f3gica"}]}]}},"coauthors":[],"author_meta":{"author_link":"https:\/\/liceochiguayante.cl\/index.php\/author\/admin\/","display_name":"admin"},"relative_dates":{"created":"Publicado 5 a\u00f1os hace","modified":"Actualizado 1 a\u00f1o hace"},"absolute_dates":{"created":"Publicado el 26\/04\/2021","modified":"Actualizado el 06\/04\/2025"},"absolute_dates_time":{"created":"Publicado el 26\/04\/2021 19:34","modified":"Actualizado el 06\/04\/2025 23:30"},"featured_img_caption":"","featured_img":false,"series_order":"","uagb_featured_image_src":{"full":false,"thumbnail":false,"medium":false,"medium_large":false,"large":false,"1536x1536":false,"2048x2048":false,"twentyseventeen-featured-image":false,"twentyseventeen-thumbnail-avatar":false},"uagb_author_info":{"display_name":"admin","author_link":"https:\/\/liceochiguayante.cl\/index.php\/author\/admin\/"},"uagb_comment_info":0,"uagb_excerpt":"Reglamento de evaluaci\u00f3n Decreto 67","_links":{"self":[{"href":"https:\/\/liceochiguayante.cl\/index.php\/wp-json\/wp\/v2\/pages\/152"}],"collection":[{"href":"https:\/\/liceochiguayante.cl\/index.php\/wp-json\/wp\/v2\/pages"}],"about":[{"href":"https:\/\/liceochiguayante.cl\/index.php\/wp-json\/wp\/v2\/types\/page"}],"author":[{"embeddable":true,"href":"https:\/\/liceochiguayante.cl\/index.php\/wp-json\/wp\/v2\/users\/1"}],"replies":[{"embeddable":true,"href":"https:\/\/liceochiguayante.cl\/index.php\/wp-json\/wp\/v2\/comments?post=152"}],"version-history":[{"count":7,"href":"https:\/\/liceochiguayante.cl\/index.php\/wp-json\/wp\/v2\/pages\/152\/revisions"}],"predecessor-version":[{"id":1432,"href":"https:\/\/liceochiguayante.cl\/index.php\/wp-json\/wp\/v2\/pages\/152\/revisions\/1432"}],"wp:attachment":[{"href":"https:\/\/liceochiguayante.cl\/index.php\/wp-json\/wp\/v2\/media?parent=152"}],"curies":[{"name":"wp","href":"https:\/\/api.w.org\/{rel}","templated":true}]}}