{"id":130,"date":"2021-04-22T20:40:57","date_gmt":"2021-04-22T20:40:57","guid":{"rendered":"https:\/\/liceochiguayante.cl\/?page_id=130"},"modified":"2022-11-30T16:29:39","modified_gmt":"2022-11-30T19:29:39","slug":"tecnico-profesional","status":"publish","type":"page","link":"https:\/\/liceochiguayante.cl\/index.php\/tecnico-profesional\/","title":{"rendered":"T\u00e9cnico Profesional"},"content":{"rendered":"\n<p>El Liceo Chiguayante, en su car\u00e1cter de polivalente, dispone de una s\u00f3lida formaci\u00f3n t\u00e9cnico Profesional, T\u00e9cnico en Electr\u00f3nica y T\u00e9cnico en Electricidad:<\/p>\n\n\n\n<figure class=\"wp-block-image size-large\"><img loading=\"lazy\" width=\"940\" height=\"788\" src=\"https:\/\/liceochiguayante.cl\/wp-content\/uploads\/2021\/04\/tp.png\" alt=\"\" class=\"wp-image-131\" srcset=\"https:\/\/liceochiguayante.cl\/wp-content\/uploads\/2021\/04\/tp.png 940w, https:\/\/liceochiguayante.cl\/wp-content\/uploads\/2021\/04\/tp-300x251.png 300w, https:\/\/liceochiguayante.cl\/wp-content\/uploads\/2021\/04\/tp-768x644.png 768w\" sizes=\"(max-width: 767px) 89vw, (max-width: 1000px) 54vw, (max-width: 1071px) 543px, 580px\" \/><\/figure>\n\n\n\n<div class=\"wp-container-3 wp-block-columns\">\n<div class=\"wp-container-1 wp-block-column\">\n<p><strong>Electr\u00f3nica<br><\/strong>Los alumnos de esta especialidad tienen una amplia formaci\u00f3n en an\u00e1lisis, manejo, mantenimiento y<br>operaci\u00f3n de equipos el\u00e9ctricos y electr\u00f3nicos, basados en tecnolog\u00edas an\u00e1logas, digitales, de control, de<br>automatizaci\u00f3n y potencias. Esto les permite desempe\u00f1arse en las distintas \u00e1reas de la industria el\u00e9ctrica y<br>electr\u00f3nica y les asegura una continuidad en estudios superiores y\/o su inserci\u00f3n laboral de forma exitosa.<br>(Bel\u00e9n educa)<\/p>\n<\/div>\n\n\n\n<div class=\"wp-container-2 wp-block-column\">\n<p><strong>Electricidad<\/strong><br>Las principales actividades del sector se relacionan con la generaci\u00f3n, transmisi\u00f3n y distribuci\u00f3n de la<br>electricidad, todas en manos de empresas privadas. La generaci\u00f3n de electricidad en Chile es<br>principalmente t\u00e9rmica (carb\u00f3n y gas) e hidroel\u00e9ctrica. Se trata de un sector de larga trayectoria en la<br>econom\u00eda nacional, din\u00e1mico, tecnificado y regulado. Sin embargo, este sector se ve enfrentado en la<br>actualidad a resolver serios desaf\u00edos de crecimiento tanto de la capacidad de generaci\u00f3n como de<br>transmisi\u00f3n de la electricidad, por cuanto se proyecta un aumento significativo de la demanda por este tipo<br>de energ\u00eda en los pr\u00f3ximos a\u00f1os.<\/p>\n<\/div>\n<\/div>\n\n\n\n<h2>Reglamento de Practica Profesional y Titulaci\u00f3n<\/h2>\n\n\n\n<div class=\"_df_book df-lite\" id=\"df_805\"  _slug=\"805\" data-title=\"\" wpoptions=\"true\" thumbtype=\"\" ><\/div><script class=\"df-shortcode-script\" nowprocket type=\"application\/javascript\">window.option_df_805 = {\"outline\":[],\"autoEnableOutline\":\"false\",\"autoEnableThumbnail\":\"false\",\"overwritePDFOutline\":\"false\",\"direction\":\"1\",\"pageSize\":\"0\",\"source\":\"https:\\\/\\\/liceochiguayante.cl\\\/wp-content\\\/uploads\\\/2021\\\/10\\\/REGLAMENTO-PRACTICA-PROFESIONAL-Y-TITULACION.pdf\",\"wpOptions\":\"true\"}; if(window.DFLIP && window.DFLIP.parseBooks){window.DFLIP.parseBooks();}<\/script>\n","protected":false},"excerpt":{"rendered":"<p>El Liceo Chiguayante, en su car\u00e1cter de polivalente, dispone de una s\u00f3lida formaci\u00f3n t\u00e9cnico Profesional, T\u00e9cnico en Electr\u00f3nica y T\u00e9cnico en Electricidad: Electr\u00f3nicaLos alumnos de esta especialidad tienen una amplia formaci\u00f3n en an\u00e1lisis, manejo, mantenimiento yoperaci\u00f3n de equipos el\u00e9ctricos y electr\u00f3nicos, basados en tecnolog\u00edas an\u00e1logas, digitales, de control, deautomatizaci\u00f3n y potencias. Esto les permite desempe\u00f1arse &hellip; <\/p>\n<p class=\"link-more\"><a href=\"https:\/\/liceochiguayante.cl\/index.php\/tecnico-profesional\/\" class=\"more-link\">Continuar leyendo<span class=\"screen-reader-text\"> \u00abT\u00e9cnico Profesional\u00bb<\/span><\/a><\/p>\n","protected":false},"author":1,"featured_media":0,"parent":0,"menu_order":0,"comment_status":"closed","ping_status":"closed","template":"","meta":{"advgb_blocks_editor_width":"","advgb_blocks_columns_visual_guide":""},"yoast_head":"<!-- This site is optimized with the Yoast SEO plugin v19.0 - https:\/\/yoast.com\/wordpress\/plugins\/seo\/ -->\n<title>T\u00e9cnico Profesional - LICEO CHIGUAYANTE - Prekinder hasta 4 Medio<\/title>\n<meta name=\"description\" content=\"El Liceo Chiguayante, dispone de una s\u00f3lida formaci\u00f3n t\u00e9cnico Profesional, T\u00e9cnico en Electr\u00f3nica y T\u00e9cnico en Electricidad\" \/>\n<meta name=\"robots\" content=\"index, follow, max-snippet:-1, max-image-preview:large, max-video-preview:-1\" \/>\n<link rel=\"canonical\" href=\"https:\/\/liceochiguayante.cl\/index.php\/tecnico-profesional\/\" \/>\n<meta property=\"og:locale\" content=\"es_ES\" \/>\n<meta property=\"og:type\" content=\"article\" \/>\n<meta property=\"og:title\" content=\"T\u00e9cnico Profesional - LICEO CHIGUAYANTE - Prekinder hasta 4 Medio\" \/>\n<meta property=\"og:description\" content=\"El Liceo Chiguayante, dispone de una s\u00f3lida formaci\u00f3n t\u00e9cnico Profesional, T\u00e9cnico en Electr\u00f3nica y T\u00e9cnico en Electricidad\" \/>\n<meta property=\"og:url\" content=\"https:\/\/liceochiguayante.cl\/index.php\/tecnico-profesional\/\" \/>\n<meta property=\"og:site_name\" content=\"LICEO CHIGUAYANTE - Prekinder hasta 4 Medio\" \/>\n<meta property=\"article:publisher\" content=\"https:\/\/es-la.facebook.com\/polivalenteChiguayante\/\" \/>\n<meta property=\"article:modified_time\" content=\"2022-11-30T19:29:39+00:00\" \/>\n<meta property=\"og:image\" content=\"https:\/\/liceochiguayante.cl\/wp-content\/uploads\/2021\/04\/tp.png\" \/>\n<meta name=\"twitter:card\" content=\"summary_large_image\" \/>\n<meta name=\"twitter:label1\" content=\"Tiempo de lectura\" \/>\n\t<meta name=\"twitter:data1\" content=\"2 minutos\" \/>\n<script type=\"application\/ld+json\" class=\"yoast-schema-graph\">{\"@context\":\"https:\/\/schema.org\",\"@graph\":[{\"@type\":\"Organization\",\"@id\":\"https:\/\/liceochiguayante.cl\/#organization\",\"name\":\"Liceo Chiguayante\",\"url\":\"https:\/\/liceochiguayante.cl\/\",\"sameAs\":[\"https:\/\/www.instagram.com\/liceo_chiguayante\/\",\"https:\/\/www.youtube.com\/channel\/UCnkl_ClR0sG6sMXe9JMdLmg\",\"https:\/\/es-la.facebook.com\/polivalenteChiguayante\/\"],\"logo\":{\"@type\":\"ImageObject\",\"inLanguage\":\"es\",\"@id\":\"https:\/\/liceochiguayante.cl\/#\/schema\/logo\/image\/\",\"url\":\"https:\/\/liceochiguayante.cl\/wp-content\/uploads\/2021\/04\/liceo-logo-s500.png\",\"contentUrl\":\"https:\/\/liceochiguayante.cl\/wp-content\/uploads\/2021\/04\/liceo-logo-s500.png\",\"width\":435,\"height\":500,\"caption\":\"Liceo Chiguayante\"},\"image\":{\"@id\":\"https:\/\/liceochiguayante.cl\/#\/schema\/logo\/image\/\"}},{\"@type\":\"WebSite\",\"@id\":\"https:\/\/liceochiguayante.cl\/#website\",\"url\":\"https:\/\/liceochiguayante.cl\/\",\"name\":\"LICEO CHIGUAYANTE - Prekinder hasta 4 Medio\",\"description\":\"&ldquo;Educando Lideres con Afecto, Cultura e Innovaci&oacute;n&rdquo; - Excelencia Acad&eacute;mica 2024-2025\",\"publisher\":{\"@id\":\"https:\/\/liceochiguayante.cl\/#organization\"},\"potentialAction\":[{\"@type\":\"SearchAction\",\"target\":{\"@type\":\"EntryPoint\",\"urlTemplate\":\"https:\/\/liceochiguayante.cl\/?s={search_term_string}\"},\"query-input\":\"required name=search_term_string\"}],\"inLanguage\":\"es\"},{\"@type\":\"ImageObject\",\"inLanguage\":\"es\",\"@id\":\"https:\/\/liceochiguayante.cl\/index.php\/tecnico-profesional\/#primaryimage\",\"url\":\"https:\/\/liceochiguayante.cl\/wp-content\/uploads\/2021\/04\/tp.png\",\"contentUrl\":\"https:\/\/liceochiguayante.cl\/wp-content\/uploads\/2021\/04\/tp.png\",\"width\":940,\"height\":788},{\"@type\":\"WebPage\",\"@id\":\"https:\/\/liceochiguayante.cl\/index.php\/tecnico-profesional\/#webpage\",\"url\":\"https:\/\/liceochiguayante.cl\/index.php\/tecnico-profesional\/\",\"name\":\"T\u00e9cnico Profesional - LICEO CHIGUAYANTE - Prekinder hasta 4 Medio\",\"isPartOf\":{\"@id\":\"https:\/\/liceochiguayante.cl\/#website\"},\"primaryImageOfPage\":{\"@id\":\"https:\/\/liceochiguayante.cl\/index.php\/tecnico-profesional\/#primaryimage\"},\"datePublished\":\"2021-04-22T20:40:57+00:00\",\"dateModified\":\"2022-11-30T19:29:39+00:00\",\"description\":\"El Liceo Chiguayante, dispone de una s\u00f3lida formaci\u00f3n t\u00e9cnico Profesional, T\u00e9cnico en Electr\u00f3nica y T\u00e9cnico en Electricidad\",\"breadcrumb\":{\"@id\":\"https:\/\/liceochiguayante.cl\/index.php\/tecnico-profesional\/#breadcrumb\"},\"inLanguage\":\"es\",\"potentialAction\":[{\"@type\":\"ReadAction\",\"target\":[\"https:\/\/liceochiguayante.cl\/index.php\/tecnico-profesional\/\"]}]},{\"@type\":\"BreadcrumbList\",\"@id\":\"https:\/\/liceochiguayante.cl\/index.php\/tecnico-profesional\/#breadcrumb\",\"itemListElement\":[{\"@type\":\"ListItem\",\"position\":1,\"name\":\"Portada\",\"item\":\"https:\/\/liceochiguayante.cl\/\"},{\"@type\":\"ListItem\",\"position\":2,\"name\":\"T\u00e9cnico Profesional\"}]}]}<\/script>\n<!-- \/ Yoast SEO plugin. -->","yoast_head_json":{"title":"T\u00e9cnico Profesional - LICEO CHIGUAYANTE - Prekinder hasta 4 Medio","description":"El Liceo Chiguayante, dispone de una s\u00f3lida formaci\u00f3n t\u00e9cnico Profesional, T\u00e9cnico en Electr\u00f3nica y T\u00e9cnico en Electricidad","robots":{"index":"index","follow":"follow","max-snippet":"max-snippet:-1","max-image-preview":"max-image-preview:large","max-video-preview":"max-video-preview:-1"},"canonical":"https:\/\/liceochiguayante.cl\/index.php\/tecnico-profesional\/","og_locale":"es_ES","og_type":"article","og_title":"T\u00e9cnico Profesional - LICEO CHIGUAYANTE - Prekinder hasta 4 Medio","og_description":"El Liceo Chiguayante, dispone de una s\u00f3lida formaci\u00f3n t\u00e9cnico Profesional, T\u00e9cnico en Electr\u00f3nica y T\u00e9cnico en Electricidad","og_url":"https:\/\/liceochiguayante.cl\/index.php\/tecnico-profesional\/","og_site_name":"LICEO CHIGUAYANTE - Prekinder hasta 4 Medio","article_publisher":"https:\/\/es-la.facebook.com\/polivalenteChiguayante\/","article_modified_time":"2022-11-30T19:29:39+00:00","og_image":[{"url":"https:\/\/liceochiguayante.cl\/wp-content\/uploads\/2021\/04\/tp.png"}],"twitter_card":"summary_large_image","twitter_misc":{"Tiempo de lectura":"2 minutos"},"schema":{"@context":"https:\/\/schema.org","@graph":[{"@type":"Organization","@id":"https:\/\/liceochiguayante.cl\/#organization","name":"Liceo Chiguayante","url":"https:\/\/liceochiguayante.cl\/","sameAs":["https:\/\/www.instagram.com\/liceo_chiguayante\/","https:\/\/www.youtube.com\/channel\/UCnkl_ClR0sG6sMXe9JMdLmg","https:\/\/es-la.facebook.com\/polivalenteChiguayante\/"],"logo":{"@type":"ImageObject","inLanguage":"es","@id":"https:\/\/liceochiguayante.cl\/#\/schema\/logo\/image\/","url":"https:\/\/liceochiguayante.cl\/wp-content\/uploads\/2021\/04\/liceo-logo-s500.png","contentUrl":"https:\/\/liceochiguayante.cl\/wp-content\/uploads\/2021\/04\/liceo-logo-s500.png","width":435,"height":500,"caption":"Liceo Chiguayante"},"image":{"@id":"https:\/\/liceochiguayante.cl\/#\/schema\/logo\/image\/"}},{"@type":"WebSite","@id":"https:\/\/liceochiguayante.cl\/#website","url":"https:\/\/liceochiguayante.cl\/","name":"LICEO CHIGUAYANTE - Prekinder hasta 4 Medio","description":"&ldquo;Educando Lideres con Afecto, Cultura e Innovaci&oacute;n&rdquo; - Excelencia Acad&eacute;mica 2024-2025","publisher":{"@id":"https:\/\/liceochiguayante.cl\/#organization"},"potentialAction":[{"@type":"SearchAction","target":{"@type":"EntryPoint","urlTemplate":"https:\/\/liceochiguayante.cl\/?s={search_term_string}"},"query-input":"required name=search_term_string"}],"inLanguage":"es"},{"@type":"ImageObject","inLanguage":"es","@id":"https:\/\/liceochiguayante.cl\/index.php\/tecnico-profesional\/#primaryimage","url":"https:\/\/liceochiguayante.cl\/wp-content\/uploads\/2021\/04\/tp.png","contentUrl":"https:\/\/liceochiguayante.cl\/wp-content\/uploads\/2021\/04\/tp.png","width":940,"height":788},{"@type":"WebPage","@id":"https:\/\/liceochiguayante.cl\/index.php\/tecnico-profesional\/#webpage","url":"https:\/\/liceochiguayante.cl\/index.php\/tecnico-profesional\/","name":"T\u00e9cnico Profesional - LICEO CHIGUAYANTE - Prekinder hasta 4 Medio","isPartOf":{"@id":"https:\/\/liceochiguayante.cl\/#website"},"primaryImageOfPage":{"@id":"https:\/\/liceochiguayante.cl\/index.php\/tecnico-profesional\/#primaryimage"},"datePublished":"2021-04-22T20:40:57+00:00","dateModified":"2022-11-30T19:29:39+00:00","description":"El Liceo Chiguayante, dispone de una s\u00f3lida formaci\u00f3n t\u00e9cnico Profesional, T\u00e9cnico en Electr\u00f3nica y T\u00e9cnico en Electricidad","breadcrumb":{"@id":"https:\/\/liceochiguayante.cl\/index.php\/tecnico-profesional\/#breadcrumb"},"inLanguage":"es","potentialAction":[{"@type":"ReadAction","target":["https:\/\/liceochiguayante.cl\/index.php\/tecnico-profesional\/"]}]},{"@type":"BreadcrumbList","@id":"https:\/\/liceochiguayante.cl\/index.php\/tecnico-profesional\/#breadcrumb","itemListElement":[{"@type":"ListItem","position":1,"name":"Portada","item":"https:\/\/liceochiguayante.cl\/"},{"@type":"ListItem","position":2,"name":"T\u00e9cnico Profesional"}]}]}},"coauthors":[],"author_meta":{"author_link":"https:\/\/liceochiguayante.cl\/index.php\/author\/admin\/","display_name":"admin"},"relative_dates":{"created":"Publicado 5 a\u00f1os hace","modified":"Actualizado 3 a\u00f1os hace"},"absolute_dates":{"created":"Publicado el 22\/04\/2021","modified":"Actualizado el 30\/11\/2022"},"absolute_dates_time":{"created":"Publicado el 22\/04\/2021 20:40","modified":"Actualizado el 30\/11\/2022 16:29"},"featured_img_caption":"","featured_img":false,"series_order":"","uagb_featured_image_src":{"full":false,"thumbnail":false,"medium":false,"medium_large":false,"large":false,"1536x1536":false,"2048x2048":false,"twentyseventeen-featured-image":false,"twentyseventeen-thumbnail-avatar":false},"uagb_author_info":{"display_name":"admin","author_link":"https:\/\/liceochiguayante.cl\/index.php\/author\/admin\/"},"uagb_comment_info":0,"uagb_excerpt":"El Liceo Chiguayante, en su car\u00e1cter de polivalente, dispone de una s\u00f3lida formaci\u00f3n t\u00e9cnico Profesional, T\u00e9cnico en Electr\u00f3nica y T\u00e9cnico en Electricidad: Electr\u00f3nicaLos alumnos de esta especialidad tienen una amplia formaci\u00f3n en an\u00e1lisis, manejo, mantenimiento yoperaci\u00f3n de equipos el\u00e9ctricos y electr\u00f3nicos, basados en tecnolog\u00edas an\u00e1logas, digitales, de control, deautomatizaci\u00f3n y potencias. Esto les permite desempe\u00f1arse&hellip;","_links":{"self":[{"href":"https:\/\/liceochiguayante.cl\/index.php\/wp-json\/wp\/v2\/pages\/130"}],"collection":[{"href":"https:\/\/liceochiguayante.cl\/index.php\/wp-json\/wp\/v2\/pages"}],"about":[{"href":"https:\/\/liceochiguayante.cl\/index.php\/wp-json\/wp\/v2\/types\/page"}],"author":[{"embeddable":true,"href":"https:\/\/liceochiguayante.cl\/index.php\/wp-json\/wp\/v2\/users\/1"}],"replies":[{"embeddable":true,"href":"https:\/\/liceochiguayante.cl\/index.php\/wp-json\/wp\/v2\/comments?post=130"}],"version-history":[{"count":9,"href":"https:\/\/liceochiguayante.cl\/index.php\/wp-json\/wp\/v2\/pages\/130\/revisions"}],"predecessor-version":[{"id":807,"href":"https:\/\/liceochiguayante.cl\/index.php\/wp-json\/wp\/v2\/pages\/130\/revisions\/807"}],"wp:attachment":[{"href":"https:\/\/liceochiguayante.cl\/index.php\/wp-json\/wp\/v2\/media?parent=130"}],"curies":[{"name":"wp","href":"https:\/\/api.w.org\/{rel}","templated":true}]}}