{"id":124,"date":"2021-04-22T18:24:20","date_gmt":"2021-04-22T18:24:20","guid":{"rendered":"https:\/\/liceochiguayante.cl\/?page_id=124"},"modified":"2022-08-26T00:15:15","modified_gmt":"2022-08-26T03:15:15","slug":"mision-y-vision","status":"publish","type":"page","link":"https:\/\/liceochiguayante.cl\/index.php\/mision-y-vision\/","title":{"rendered":"Proyecto Educativo"},"content":{"rendered":"\n<h2 class=\"has-text-align-center\"><strong>Misi\u00f3n<\/strong><\/h2>\n\n\n\n<div class=\"wp-block-media-text alignwide is-stacked-on-mobile\"><figure class=\"wp-block-media-text__media\"><img loading=\"lazy\" width=\"800\" height=\"450\" src=\"https:\/\/liceochiguayante.cl\/wp-content\/uploads\/2021\/04\/mision.png\" alt=\"\" class=\"wp-image-127 size-full\" srcset=\"https:\/\/liceochiguayante.cl\/wp-content\/uploads\/2021\/04\/mision.png 800w, https:\/\/liceochiguayante.cl\/wp-content\/uploads\/2021\/04\/mision-300x169.png 300w, https:\/\/liceochiguayante.cl\/wp-content\/uploads\/2021\/04\/mision-768x432.png 768w\" sizes=\"(max-width: 767px) 89vw, (max-width: 1000px) 54vw, (max-width: 1071px) 543px, 580px\" \/><\/figure><div class=\"wp-block-media-text__content\">\n<p>Somos una comunidad educativa innovadora que por medio de una educaci\u00f3n afectiva, ambientalista y<br>humanista desarrolla ciudadanos aut\u00f3nomos, respetuosos, alegres y colaborativos, capaces de construir<br>un proyecto de vida personal y colectivo como positivos agentes de cambio Cultural, Tecnol\u00f3gico y social.<\/p>\n<\/div><\/div>\n\n\n\n<h2 class=\"has-text-align-center\"><strong>Visi\u00f3n<\/strong><\/h2>\n\n\n\n<div class=\"wp-block-media-text alignwide has-media-on-the-right is-stacked-on-mobile\"><figure class=\"wp-block-media-text__media\"><img loading=\"lazy\" width=\"930\" height=\"516\" src=\"https:\/\/liceochiguayante.cl\/wp-content\/uploads\/2021\/04\/declaracion-vision.jpg\" alt=\"\" class=\"wp-image-128 size-full\" srcset=\"https:\/\/liceochiguayante.cl\/wp-content\/uploads\/2021\/04\/declaracion-vision.jpg 930w, https:\/\/liceochiguayante.cl\/wp-content\/uploads\/2021\/04\/declaracion-vision-300x166.jpg 300w, https:\/\/liceochiguayante.cl\/wp-content\/uploads\/2021\/04\/declaracion-vision-768x426.jpg 768w\" sizes=\"(max-width: 767px) 89vw, (max-width: 1000px) 54vw, (max-width: 1071px) 543px, 580px\" \/><\/figure><div class=\"wp-block-media-text__content\">\n<p>Ser reconocidos en Chiguayante y la regi\u00f3n como una instituci\u00f3n innovadora que forma ciudadanos<br>afectivos y participativos que propician el desarrollo social, tecnol\u00f3gico y cultural de su entorno.<\/p>\n<\/div><\/div>\n\n\n\n<h2>Proyecto Educativo Institucional<\/h2>\n\n\n\n<div class=\"_df_book df-lite\" id=\"df_720\"  _slug=\"720\" data-title=\"proyecto-educativo-institucional\" wpoptions=\"true\" thumb=\"https:\/\/liceochiguayante.cl\/wp-content\/uploads\/2021\/04\/liceo-logo-5.png\" thumbtype=\"\" ><\/div><script class=\"df-shortcode-script\" nowprocket type=\"application\/javascript\">window.option_df_720 = {\"outline\":[],\"autoEnableOutline\":\"false\",\"autoEnableThumbnail\":\"false\",\"overwritePDFOutline\":\"false\",\"direction\":\"1\",\"pageSize\":\"0\",\"source\":\"https:\\\/\\\/liceochiguayante.cl\\\/wp-content\\\/uploads\\\/2021\\\/04\\\/ProyectoEducativo4560.pdf\",\"wpOptions\":\"true\"}; if(window.DFLIP && window.DFLIP.parseBooks){window.DFLIP.parseBooks();}<\/script>\n\n\n\n\n","protected":false},"excerpt":{"rendered":"<p>Misi\u00f3n Somos una comunidad educativa innovadora que por medio de una educaci\u00f3n afectiva, ambientalista yhumanista desarrolla ciudadanos aut\u00f3nomos, respetuosos, alegres y colaborativos, capaces de construirun proyecto de vida personal y colectivo como positivos agentes de cambio Cultural, Tecnol\u00f3gico y social. Visi\u00f3n Ser reconocidos en Chiguayante y la regi\u00f3n como una instituci\u00f3n innovadora que forma ciudadanosafectivos &hellip; <\/p>\n<p class=\"link-more\"><a href=\"https:\/\/liceochiguayante.cl\/index.php\/mision-y-vision\/\" class=\"more-link\">Continuar leyendo<span class=\"screen-reader-text\"> \u00abProyecto Educativo\u00bb<\/span><\/a><\/p>\n","protected":false},"author":1,"featured_media":0,"parent":0,"menu_order":0,"comment_status":"closed","ping_status":"closed","template":"","meta":{"advgb_blocks_editor_width":"","advgb_blocks_columns_visual_guide":""},"yoast_head":"<!-- This site is optimized with the Yoast SEO plugin v19.0 - https:\/\/yoast.com\/wordpress\/plugins\/seo\/ -->\n<title>Proyecto Educativo - LICEO CHIGUAYANTE - Prekinder hasta 4 Medio<\/title>\n<meta name=\"robots\" content=\"index, follow, max-snippet:-1, max-image-preview:large, max-video-preview:-1\" \/>\n<link rel=\"canonical\" href=\"https:\/\/liceochiguayante.cl\/index.php\/mision-y-vision\/\" \/>\n<meta property=\"og:locale\" content=\"es_ES\" \/>\n<meta property=\"og:type\" content=\"article\" \/>\n<meta property=\"og:title\" content=\"Proyecto Educativo - LICEO CHIGUAYANTE - Prekinder hasta 4 Medio\" \/>\n<meta property=\"og:description\" content=\"Misi\u00f3n Somos una comunidad educativa innovadora que por medio de una educaci\u00f3n afectiva, ambientalista yhumanista desarrolla ciudadanos aut\u00f3nomos, respetuosos, alegres y colaborativos, capaces de construirun proyecto de vida personal y colectivo como positivos agentes de cambio Cultural, Tecnol\u00f3gico y social. Visi\u00f3n Ser reconocidos en Chiguayante y la regi\u00f3n como una instituci\u00f3n innovadora que forma ciudadanosafectivos &hellip; Continuar leyendo &quot;Proyecto Educativo&quot;\" \/>\n<meta property=\"og:url\" content=\"https:\/\/liceochiguayante.cl\/index.php\/mision-y-vision\/\" \/>\n<meta property=\"og:site_name\" content=\"LICEO CHIGUAYANTE - Prekinder hasta 4 Medio\" \/>\n<meta property=\"article:publisher\" content=\"https:\/\/es-la.facebook.com\/polivalenteChiguayante\/\" \/>\n<meta property=\"article:modified_time\" content=\"2022-08-26T03:15:15+00:00\" \/>\n<meta property=\"og:image\" content=\"https:\/\/liceochiguayante.cl\/wp-content\/uploads\/2021\/04\/mision.png\" \/>\n<meta name=\"twitter:card\" content=\"summary_large_image\" \/>\n<meta name=\"twitter:label1\" content=\"Tiempo de lectura\" \/>\n\t<meta name=\"twitter:data1\" content=\"1 minuto\" \/>\n<script type=\"application\/ld+json\" class=\"yoast-schema-graph\">{\"@context\":\"https:\/\/schema.org\",\"@graph\":[{\"@type\":\"Organization\",\"@id\":\"https:\/\/liceochiguayante.cl\/#organization\",\"name\":\"Liceo Chiguayante\",\"url\":\"https:\/\/liceochiguayante.cl\/\",\"sameAs\":[\"https:\/\/www.instagram.com\/liceo_chiguayante\/\",\"https:\/\/www.youtube.com\/channel\/UCnkl_ClR0sG6sMXe9JMdLmg\",\"https:\/\/es-la.facebook.com\/polivalenteChiguayante\/\"],\"logo\":{\"@type\":\"ImageObject\",\"inLanguage\":\"es\",\"@id\":\"https:\/\/liceochiguayante.cl\/#\/schema\/logo\/image\/\",\"url\":\"https:\/\/liceochiguayante.cl\/wp-content\/uploads\/2021\/04\/liceo-logo-s500.png\",\"contentUrl\":\"https:\/\/liceochiguayante.cl\/wp-content\/uploads\/2021\/04\/liceo-logo-s500.png\",\"width\":435,\"height\":500,\"caption\":\"Liceo Chiguayante\"},\"image\":{\"@id\":\"https:\/\/liceochiguayante.cl\/#\/schema\/logo\/image\/\"}},{\"@type\":\"WebSite\",\"@id\":\"https:\/\/liceochiguayante.cl\/#website\",\"url\":\"https:\/\/liceochiguayante.cl\/\",\"name\":\"LICEO CHIGUAYANTE - Prekinder hasta 4 Medio\",\"description\":\"&ldquo;Educando Lideres con Afecto, Cultura e Innovaci&oacute;n&rdquo; - Excelencia Acad&eacute;mica 2024-2025\",\"publisher\":{\"@id\":\"https:\/\/liceochiguayante.cl\/#organization\"},\"potentialAction\":[{\"@type\":\"SearchAction\",\"target\":{\"@type\":\"EntryPoint\",\"urlTemplate\":\"https:\/\/liceochiguayante.cl\/?s={search_term_string}\"},\"query-input\":\"required name=search_term_string\"}],\"inLanguage\":\"es\"},{\"@type\":\"ImageObject\",\"inLanguage\":\"es\",\"@id\":\"https:\/\/liceochiguayante.cl\/index.php\/mision-y-vision\/#primaryimage\",\"url\":\"https:\/\/liceochiguayante.cl\/wp-content\/uploads\/2021\/04\/mision.png\",\"contentUrl\":\"https:\/\/liceochiguayante.cl\/wp-content\/uploads\/2021\/04\/mision.png\",\"width\":800,\"height\":450},{\"@type\":\"WebPage\",\"@id\":\"https:\/\/liceochiguayante.cl\/index.php\/mision-y-vision\/#webpage\",\"url\":\"https:\/\/liceochiguayante.cl\/index.php\/mision-y-vision\/\",\"name\":\"Proyecto Educativo - LICEO CHIGUAYANTE - Prekinder hasta 4 Medio\",\"isPartOf\":{\"@id\":\"https:\/\/liceochiguayante.cl\/#website\"},\"primaryImageOfPage\":{\"@id\":\"https:\/\/liceochiguayante.cl\/index.php\/mision-y-vision\/#primaryimage\"},\"datePublished\":\"2021-04-22T18:24:20+00:00\",\"dateModified\":\"2022-08-26T03:15:15+00:00\",\"breadcrumb\":{\"@id\":\"https:\/\/liceochiguayante.cl\/index.php\/mision-y-vision\/#breadcrumb\"},\"inLanguage\":\"es\",\"potentialAction\":[{\"@type\":\"ReadAction\",\"target\":[\"https:\/\/liceochiguayante.cl\/index.php\/mision-y-vision\/\"]}]},{\"@type\":\"BreadcrumbList\",\"@id\":\"https:\/\/liceochiguayante.cl\/index.php\/mision-y-vision\/#breadcrumb\",\"itemListElement\":[{\"@type\":\"ListItem\",\"position\":1,\"name\":\"Portada\",\"item\":\"https:\/\/liceochiguayante.cl\/\"},{\"@type\":\"ListItem\",\"position\":2,\"name\":\"Proyecto Educativo\"}]}]}<\/script>\n<!-- \/ Yoast SEO plugin. -->","yoast_head_json":{"title":"Proyecto Educativo - LICEO CHIGUAYANTE - Prekinder hasta 4 Medio","robots":{"index":"index","follow":"follow","max-snippet":"max-snippet:-1","max-image-preview":"max-image-preview:large","max-video-preview":"max-video-preview:-1"},"canonical":"https:\/\/liceochiguayante.cl\/index.php\/mision-y-vision\/","og_locale":"es_ES","og_type":"article","og_title":"Proyecto Educativo - LICEO CHIGUAYANTE - Prekinder hasta 4 Medio","og_description":"Misi\u00f3n Somos una comunidad educativa innovadora que por medio de una educaci\u00f3n afectiva, ambientalista yhumanista desarrolla ciudadanos aut\u00f3nomos, respetuosos, alegres y colaborativos, capaces de construirun proyecto de vida personal y colectivo como positivos agentes de cambio Cultural, Tecnol\u00f3gico y social. Visi\u00f3n Ser reconocidos en Chiguayante y la regi\u00f3n como una instituci\u00f3n innovadora que forma ciudadanosafectivos &hellip; Continuar leyendo \"Proyecto Educativo\"","og_url":"https:\/\/liceochiguayante.cl\/index.php\/mision-y-vision\/","og_site_name":"LICEO CHIGUAYANTE - Prekinder hasta 4 Medio","article_publisher":"https:\/\/es-la.facebook.com\/polivalenteChiguayante\/","article_modified_time":"2022-08-26T03:15:15+00:00","og_image":[{"url":"https:\/\/liceochiguayante.cl\/wp-content\/uploads\/2021\/04\/mision.png"}],"twitter_card":"summary_large_image","twitter_misc":{"Tiempo de lectura":"1 minuto"},"schema":{"@context":"https:\/\/schema.org","@graph":[{"@type":"Organization","@id":"https:\/\/liceochiguayante.cl\/#organization","name":"Liceo Chiguayante","url":"https:\/\/liceochiguayante.cl\/","sameAs":["https:\/\/www.instagram.com\/liceo_chiguayante\/","https:\/\/www.youtube.com\/channel\/UCnkl_ClR0sG6sMXe9JMdLmg","https:\/\/es-la.facebook.com\/polivalenteChiguayante\/"],"logo":{"@type":"ImageObject","inLanguage":"es","@id":"https:\/\/liceochiguayante.cl\/#\/schema\/logo\/image\/","url":"https:\/\/liceochiguayante.cl\/wp-content\/uploads\/2021\/04\/liceo-logo-s500.png","contentUrl":"https:\/\/liceochiguayante.cl\/wp-content\/uploads\/2021\/04\/liceo-logo-s500.png","width":435,"height":500,"caption":"Liceo Chiguayante"},"image":{"@id":"https:\/\/liceochiguayante.cl\/#\/schema\/logo\/image\/"}},{"@type":"WebSite","@id":"https:\/\/liceochiguayante.cl\/#website","url":"https:\/\/liceochiguayante.cl\/","name":"LICEO CHIGUAYANTE - Prekinder hasta 4 Medio","description":"&ldquo;Educando Lideres con Afecto, Cultura e Innovaci&oacute;n&rdquo; - Excelencia Acad&eacute;mica 2024-2025","publisher":{"@id":"https:\/\/liceochiguayante.cl\/#organization"},"potentialAction":[{"@type":"SearchAction","target":{"@type":"EntryPoint","urlTemplate":"https:\/\/liceochiguayante.cl\/?s={search_term_string}"},"query-input":"required name=search_term_string"}],"inLanguage":"es"},{"@type":"ImageObject","inLanguage":"es","@id":"https:\/\/liceochiguayante.cl\/index.php\/mision-y-vision\/#primaryimage","url":"https:\/\/liceochiguayante.cl\/wp-content\/uploads\/2021\/04\/mision.png","contentUrl":"https:\/\/liceochiguayante.cl\/wp-content\/uploads\/2021\/04\/mision.png","width":800,"height":450},{"@type":"WebPage","@id":"https:\/\/liceochiguayante.cl\/index.php\/mision-y-vision\/#webpage","url":"https:\/\/liceochiguayante.cl\/index.php\/mision-y-vision\/","name":"Proyecto Educativo - LICEO CHIGUAYANTE - Prekinder hasta 4 Medio","isPartOf":{"@id":"https:\/\/liceochiguayante.cl\/#website"},"primaryImageOfPage":{"@id":"https:\/\/liceochiguayante.cl\/index.php\/mision-y-vision\/#primaryimage"},"datePublished":"2021-04-22T18:24:20+00:00","dateModified":"2022-08-26T03:15:15+00:00","breadcrumb":{"@id":"https:\/\/liceochiguayante.cl\/index.php\/mision-y-vision\/#breadcrumb"},"inLanguage":"es","potentialAction":[{"@type":"ReadAction","target":["https:\/\/liceochiguayante.cl\/index.php\/mision-y-vision\/"]}]},{"@type":"BreadcrumbList","@id":"https:\/\/liceochiguayante.cl\/index.php\/mision-y-vision\/#breadcrumb","itemListElement":[{"@type":"ListItem","position":1,"name":"Portada","item":"https:\/\/liceochiguayante.cl\/"},{"@type":"ListItem","position":2,"name":"Proyecto Educativo"}]}]}},"coauthors":[],"author_meta":{"author_link":"https:\/\/liceochiguayante.cl\/index.php\/author\/admin\/","display_name":"admin"},"relative_dates":{"created":"Publicado 5 a\u00f1os hace","modified":"Actualizado 4 a\u00f1os hace"},"absolute_dates":{"created":"Publicado el 22\/04\/2021","modified":"Actualizado el 26\/08\/2022"},"absolute_dates_time":{"created":"Publicado el 22\/04\/2021 18:24","modified":"Actualizado el 26\/08\/2022 00:15"},"featured_img_caption":"","featured_img":false,"series_order":"","uagb_featured_image_src":{"full":false,"thumbnail":false,"medium":false,"medium_large":false,"large":false,"1536x1536":false,"2048x2048":false,"twentyseventeen-featured-image":false,"twentyseventeen-thumbnail-avatar":false},"uagb_author_info":{"display_name":"admin","author_link":"https:\/\/liceochiguayante.cl\/index.php\/author\/admin\/"},"uagb_comment_info":0,"uagb_excerpt":"Misi\u00f3n Somos una comunidad educativa innovadora que por medio de una educaci\u00f3n afectiva, ambientalista yhumanista desarrolla ciudadanos aut\u00f3nomos, respetuosos, alegres y colaborativos, capaces de construirun proyecto de vida personal y colectivo como positivos agentes de cambio Cultural, Tecnol\u00f3gico y social. Visi\u00f3n Ser reconocidos en Chiguayante y la regi\u00f3n como una instituci\u00f3n innovadora que forma ciudadanosafectivos&hellip;","_links":{"self":[{"href":"https:\/\/liceochiguayante.cl\/index.php\/wp-json\/wp\/v2\/pages\/124"}],"collection":[{"href":"https:\/\/liceochiguayante.cl\/index.php\/wp-json\/wp\/v2\/pages"}],"about":[{"href":"https:\/\/liceochiguayante.cl\/index.php\/wp-json\/wp\/v2\/types\/page"}],"author":[{"embeddable":true,"href":"https:\/\/liceochiguayante.cl\/index.php\/wp-json\/wp\/v2\/users\/1"}],"replies":[{"embeddable":true,"href":"https:\/\/liceochiguayante.cl\/index.php\/wp-json\/wp\/v2\/comments?post=124"}],"version-history":[{"count":6,"href":"https:\/\/liceochiguayante.cl\/index.php\/wp-json\/wp\/v2\/pages\/124\/revisions"}],"predecessor-version":[{"id":724,"href":"https:\/\/liceochiguayante.cl\/index.php\/wp-json\/wp\/v2\/pages\/124\/revisions\/724"}],"wp:attachment":[{"href":"https:\/\/liceochiguayante.cl\/index.php\/wp-json\/wp\/v2\/media?parent=124"}],"curies":[{"name":"wp","href":"https:\/\/api.w.org\/{rel}","templated":true}]}}